{"id":2,"date":"2021-06-14T13:24:12","date_gmt":"2021-06-14T13:24:12","guid":{"rendered":"http:\/\/klintevej-kolding.dk\/?page_id=2"},"modified":"2025-04-28T20:50:05","modified_gmt":"2025-04-28T20:50:05","slug":"sample-page","status":"publish","type":"page","link":"https:\/\/klintevej-kolding.dk\/","title":{"rendered":"Velkommen til grundejerforeningens hjemmeside"},"content":{"rendered":"\n<blockquote class=\"wp-block-quote is-layout-flow wp-block-quote-is-layout-flow\">\n<p>Klintevej er beliggende i den sydlige del af Kolding by. Foreningen best\u00e5r af 86 parceller som prim\u00e6rt er opf\u00f8rt i 1970 \u00e9rne.&nbsp;Klintevej ligger t\u00e6t p\u00e5 b\u00e5de fjord og by, det er et eftertragtet og b\u00f8rnevenligt kvarter som har alle de daglige forn\u00f8denheder lige omkring sig.&nbsp;<\/p>\n<\/blockquote>\n\n\n<div class=\"wp-block-image is-resized\">\n<figure class=\"aligncenter size-full\"><img loading=\"lazy\" decoding=\"async\" width=\"1920\" height=\"1280\" src=\"https:\/\/klintevej-kolding.dk\/wp-content\/uploads\/2021\/06\/Vej.jpg\" alt=\"\" class=\"wp-image-119\" srcset=\"https:\/\/klintevej-kolding.dk\/wp-content\/uploads\/2021\/06\/Vej.jpg 1920w, https:\/\/klintevej-kolding.dk\/wp-content\/uploads\/2021\/06\/Vej-300x200.jpg 300w, https:\/\/klintevej-kolding.dk\/wp-content\/uploads\/2021\/06\/Vej-1024x683.jpg 1024w, https:\/\/klintevej-kolding.dk\/wp-content\/uploads\/2021\/06\/Vej-768x512.jpg 768w, https:\/\/klintevej-kolding.dk\/wp-content\/uploads\/2021\/06\/Vej-1536x1024.jpg 1536w, https:\/\/klintevej-kolding.dk\/wp-content\/uploads\/2021\/06\/Vej-1568x1045.jpg 1568w\" sizes=\"auto, (max-width: 1920px) 100vw, 1920px\" \/><\/figure>\n<\/div>\n\n\n<ul class=\"wp-block-social-links has-large-icon-size is-layout-flex wp-block-social-links-is-layout-flex\"><li class=\"wp-social-link wp-social-link-facebook  wp-block-social-link\"><a href=\"https:\/\/www.facebook.com\/groups\/250836278044\/\" class=\"wp-block-social-link-anchor\"><svg width=\"24\" height=\"24\" viewBox=\"0 0 24 24\" version=\"1.1\" xmlns=\"http:\/\/www.w3.org\/2000\/svg\" aria-hidden=\"true\" focusable=\"false\"><path d=\"M12 2C6.5 2 2 6.5 2 12c0 5 3.7 9.1 8.4 9.9v-7H7.9V12h2.5V9.8c0-2.5 1.5-3.9 3.8-3.9 1.1 0 2.2.2 2.2.2v2.5h-1.3c-1.2 0-1.6.8-1.6 1.6V12h2.8l-.4 2.9h-2.3v7C18.3 21.1 22 17 22 12c0-5.5-4.5-10-10-10z\"><\/path><\/svg><span class=\"wp-block-social-link-label screen-reader-text\">Facebook<\/span><\/a><\/li><\/ul>\n\n\n\n<blockquote class=\"wp-block-quote is-layout-flow wp-block-quote-is-layout-flow\">\n<p><strong>Facebook<\/strong><br>Bliv medlem af Facebook gruppen Klintevej-Kolding, hvor du kan f\u00e5 de seneste nyheder om aktiviteter i grundejerforeningen, samt kommunikere med andre fra nabolaget.<\/p>\n<\/blockquote>\n\n\n\n<div class=\"wp-block-group\"><div class=\"wp-block-group__inner-container is-layout-flow wp-block-group-is-layout-flow\">\n<p>Kontingentet til foreningen er for 2025 p\u00e5 500,-  som bedes indbetalt senest den 1. april p\u00e5 denne konto i Arbejdernes Landsbank: <br>Reg. 5346 Konto 0243021<br>Husk at skrive hvilket husnummer indbetalingen er fra.<\/p>\n<\/div><\/div>\n\n\n\n<div class=\"wp-block-group\"><div class=\"wp-block-group__inner-container is-layout-flow wp-block-group-is-layout-flow\">\n<div class=\"wp-block-group\"><div class=\"wp-block-group__inner-container is-layout-flow wp-block-group-is-layout-flow\">\n<ul class=\"wp-block-list\"><\/ul>\n\n\n<div class=\"wp-block-image is-resized\">\n<figure class=\"aligncenter size-large\"><img loading=\"lazy\" decoding=\"async\" width=\"720\" height=\"960\" src=\"https:\/\/klintevej-kolding.dk\/wp-content\/uploads\/2021\/06\/Nabohjaelp.jpg\" alt=\"\" class=\"wp-image-120\" srcset=\"https:\/\/klintevej-kolding.dk\/wp-content\/uploads\/2021\/06\/Nabohjaelp.jpg 720w, https:\/\/klintevej-kolding.dk\/wp-content\/uploads\/2021\/06\/Nabohjaelp-225x300.jpg 225w\" sizes=\"auto, (max-width: 720px) 100vw, 720px\" \/><\/figure>\n<\/div><\/div><\/div>\n<\/div><\/div>\n\n\n\n<p class=\"has-text-align-left\"><\/p>\n","protected":false},"excerpt":{"rendered":"<p>Klintevej er beliggende i den sydlige del af Kolding by. Foreningen best\u00e5r af 86 parceller som prim\u00e6rt er opf\u00f8rt i 1970 \u00e9rne.&nbsp;Klintevej ligger t\u00e6t p\u00e5 b\u00e5de fjord og by, det er et eftertragtet og b\u00f8rnevenligt kvarter som har alle de daglige forn\u00f8denheder lige omkring sig.&nbsp; FacebookBliv medlem af Facebook gruppen Klintevej-Kolding, hvor du kan f\u00e5 &hellip; <\/p>\n<p class=\"link-more\"><a href=\"https:\/\/klintevej-kolding.dk\/\" class=\"more-link\">Continue reading<span class=\"screen-reader-text\"> &#8220;Velkommen til grundejerforeningens hjemmeside&#8221;<\/span><\/a><\/p>\n","protected":false},"author":1,"featured_media":0,"parent":0,"menu_order":0,"comment_status":"closed","ping_status":"open","template":"","meta":{"footnotes":""},"class_list":["post-2","page","type-page","status-publish","hentry","entry"],"jetpack_sharing_enabled":true,"jetpack_likes_enabled":true,"_links":{"self":[{"href":"https:\/\/klintevej-kolding.dk\/index.php\/wp-json\/wp\/v2\/pages\/2","targetHints":{"allow":["GET"]}}],"collection":[{"href":"https:\/\/klintevej-kolding.dk\/index.php\/wp-json\/wp\/v2\/pages"}],"about":[{"href":"https:\/\/klintevej-kolding.dk\/index.php\/wp-json\/wp\/v2\/types\/page"}],"author":[{"embeddable":true,"href":"https:\/\/klintevej-kolding.dk\/index.php\/wp-json\/wp\/v2\/users\/1"}],"replies":[{"embeddable":true,"href":"https:\/\/klintevej-kolding.dk\/index.php\/wp-json\/wp\/v2\/comments?post=2"}],"version-history":[{"count":16,"href":"https:\/\/klintevej-kolding.dk\/index.php\/wp-json\/wp\/v2\/pages\/2\/revisions"}],"predecessor-version":[{"id":379,"href":"https:\/\/klintevej-kolding.dk\/index.php\/wp-json\/wp\/v2\/pages\/2\/revisions\/379"}],"wp:attachment":[{"href":"https:\/\/klintevej-kolding.dk\/index.php\/wp-json\/wp\/v2\/media?parent=2"}],"curies":[{"name":"wp","href":"https:\/\/api.w.org\/{rel}","templated":true}]}}